{"id":15633,"date":"2024-03-25T18:27:13","date_gmt":"2024-03-25T23:27:13","guid":{"rendered":"https:\/\/sophialerner.com\/product-care\/"},"modified":"2024-03-25T18:39:13","modified_gmt":"2024-03-25T23:39:13","slug":"product-care","status":"publish","type":"page","link":"https:\/\/sophialerner.com\/es\/product-care\/","title":{"rendered":"Cuidado"},"content":{"rendered":"<p class=\"p2\">Los productos de Sophia Lerner son hechos de manera cuidadosa y detallada con materiales seleccionados. Esta gu\u00eda de cuidado de producto informa sobre como cuidar los productos, la vida \u00fatil y garantizar calidad y apariencia a lo largo del tiempo.<\/p>\n<p class=\"p2\">Las prendas de denim de Sophia Lerner est\u00e1n hechas con materiales de alta calidad y pasan por procesos muy cuidadosos de te\u00f1ido. Debido a esto, cada te\u00f1ido es \u00fanico.<\/p>\n<p class=\"p2\">En general, las prendas hechas de denim deben lavarse con menos frecuencia. Se recomienda una limpieza puntual con agua fr\u00eda<span class=\"Apple-converted-space\">\u00a0 <\/span>y un lavado suave con la prenda al rev\u00e9s para evitar que se decolore. A la hora de secar, se voltea la prenda y se cuelga en un gancho en un sitio donde no le caiga luz directa.<\/p>\n<p class=\"p2\">Se recomienda secar las prendas de manera natural y evitar el uso de la secadora. Si es necesario usar la secadora, seleccionar en la configuraci\u00f3n una temperatura baja. Si la sensaci\u00f3n r\u00edgida de los jeans secados al aire no es agradable, se puede dar algunas pasadas a la prenda con una valorizadora para que las fibras se suavicen.<\/p>\n<p class=\"p2\">De preferencia, guardar la prenda en un ambiente fresco y seco. Evitar exponer la prenda a luz ultravioleta.<\/p>\n","protected":false},"excerpt":{"rendered":"<p>Los productos de Sophia Lerner son hechos de manera cuidadosa y detallada con materiales seleccionados. Esta gu\u00eda de cuidado de producto informa sobre como cuidar los productos, la vida \u00fatil y garantizar calidad y apariencia a lo largo del tiempo. Las prendas de denim de Sophia Lerner est\u00e1n hechas con materiales de alta calidad y [&hellip;]<\/p>\n","protected":false},"author":11,"featured_media":0,"parent":0,"menu_order":0,"comment_status":"closed","ping_status":"closed","template":"","meta":{"_acf_changed":false,"footnotes":""},"class_list":["post-15633","page","type-page","status-publish","hentry"],"acf":[],"yoast_head":"<!-- This site is optimized with the Yoast SEO plugin v27.2 - https:\/\/yoast.com\/product\/yoast-seo-wordpress\/ -->\n<title>Cuidado - Sophia Lerner<\/title>\n<meta name=\"robots\" content=\"index, follow, max-snippet:-1, max-image-preview:large, max-video-preview:-1\" \/>\n<link rel=\"canonical\" href=\"https:\/\/sophialerner.com\/es\/product-care\/\" \/>\n<meta property=\"og:locale\" content=\"es_ES\" \/>\n<meta property=\"og:type\" content=\"article\" \/>\n<meta property=\"og:title\" content=\"Cuidado - Sophia Lerner\" \/>\n<meta property=\"og:description\" content=\"Los productos de Sophia Lerner son hechos de manera cuidadosa y detallada con materiales seleccionados. Esta gu\u00eda de cuidado de producto informa sobre como cuidar los productos, la vida \u00fatil y garantizar calidad y apariencia a lo largo del tiempo. Las prendas de denim de Sophia Lerner est\u00e1n hechas con materiales de alta calidad y [&hellip;]\" \/>\n<meta property=\"og:url\" content=\"https:\/\/sophialerner.com\/es\/product-care\/\" \/>\n<meta property=\"og:site_name\" content=\"Sophia Lerner\" \/>\n<meta property=\"article:publisher\" content=\"https:\/\/www.facebook.com\/sophialernerdesigner\" \/>\n<meta property=\"article:modified_time\" content=\"2024-03-25T23:39:13+00:00\" \/>\n<meta name=\"twitter:card\" content=\"summary_large_image\" \/>\n<meta name=\"twitter:label1\" content=\"Tiempo de lectura\" \/>\n\t<meta name=\"twitter:data1\" content=\"1 minuto\" \/>\n<script type=\"application\/ld+json\" class=\"yoast-schema-graph\">{\"@context\":\"https:\/\/schema.org\",\"@graph\":[{\"@type\":\"WebPage\",\"@id\":\"https:\/\/sophialerner.com\/es\/product-care\/\",\"url\":\"https:\/\/sophialerner.com\/es\/product-care\/\",\"name\":\"Cuidado - Sophia Lerner\",\"isPartOf\":{\"@id\":\"https:\/\/sophialerner.com\/es\/#website\"},\"datePublished\":\"2024-03-25T23:27:13+00:00\",\"dateModified\":\"2024-03-25T23:39:13+00:00\",\"breadcrumb\":{\"@id\":\"https:\/\/sophialerner.com\/es\/product-care\/#breadcrumb\"},\"inLanguage\":\"es\",\"potentialAction\":[{\"@type\":\"ReadAction\",\"target\":[\"https:\/\/sophialerner.com\/es\/product-care\/\"]}]},{\"@type\":\"BreadcrumbList\",\"@id\":\"https:\/\/sophialerner.com\/es\/product-care\/#breadcrumb\",\"itemListElement\":[{\"@type\":\"ListItem\",\"position\":1,\"name\":\"Home\",\"item\":\"https:\/\/sophialerner.com\/es\/\"},{\"@type\":\"ListItem\",\"position\":2,\"name\":\"Cuidado\"}]},{\"@type\":\"WebSite\",\"@id\":\"https:\/\/sophialerner.com\/es\/#website\",\"url\":\"https:\/\/sophialerner.com\/es\/\",\"name\":\"Sophia Lerner\",\"description\":\"SOPHIA LERNER is a Peruvian brand founded in 2016\",\"publisher\":{\"@id\":\"https:\/\/sophialerner.com\/es\/#organization\"},\"potentialAction\":[{\"@type\":\"SearchAction\",\"target\":{\"@type\":\"EntryPoint\",\"urlTemplate\":\"https:\/\/sophialerner.com\/es\/?s={search_term_string}\"},\"query-input\":{\"@type\":\"PropertyValueSpecification\",\"valueRequired\":true,\"valueName\":\"search_term_string\"}}],\"inLanguage\":\"es\"},{\"@type\":\"Organization\",\"@id\":\"https:\/\/sophialerner.com\/es\/#organization\",\"name\":\"Sophia Lerner\",\"url\":\"https:\/\/sophialerner.com\/es\/\",\"logo\":{\"@type\":\"ImageObject\",\"inLanguage\":\"es\",\"@id\":\"https:\/\/sophialerner.com\/es\/#\/schema\/logo\/image\/\",\"url\":\"https:\/\/sophialerner.com\/wp-content\/uploads\/2024\/09\/decoracion-2.png\",\"contentUrl\":\"https:\/\/sophialerner.com\/wp-content\/uploads\/2024\/09\/decoracion-2.png\",\"width\":751,\"height\":688,\"caption\":\"Sophia Lerner\"},\"image\":{\"@id\":\"https:\/\/sophialerner.com\/es\/#\/schema\/logo\/image\/\"},\"sameAs\":[\"https:\/\/www.facebook.com\/sophialernerdesigner\",\"https:\/\/www.instagram.com\/sophialerner\/\"]}]}<\/script>\n<!-- \/ Yoast SEO plugin. -->","yoast_head_json":{"title":"Cuidado - Sophia Lerner","robots":{"index":"index","follow":"follow","max-snippet":"max-snippet:-1","max-image-preview":"max-image-preview:large","max-video-preview":"max-video-preview:-1"},"canonical":"https:\/\/sophialerner.com\/es\/product-care\/","og_locale":"es_ES","og_type":"article","og_title":"Cuidado - Sophia Lerner","og_description":"Los productos de Sophia Lerner son hechos de manera cuidadosa y detallada con materiales seleccionados. Esta gu\u00eda de cuidado de producto informa sobre como cuidar los productos, la vida \u00fatil y garantizar calidad y apariencia a lo largo del tiempo. Las prendas de denim de Sophia Lerner est\u00e1n hechas con materiales de alta calidad y [&hellip;]","og_url":"https:\/\/sophialerner.com\/es\/product-care\/","og_site_name":"Sophia Lerner","article_publisher":"https:\/\/www.facebook.com\/sophialernerdesigner","article_modified_time":"2024-03-25T23:39:13+00:00","twitter_card":"summary_large_image","twitter_misc":{"Tiempo de lectura":"1 minuto"},"schema":{"@context":"https:\/\/schema.org","@graph":[{"@type":"WebPage","@id":"https:\/\/sophialerner.com\/es\/product-care\/","url":"https:\/\/sophialerner.com\/es\/product-care\/","name":"Cuidado - Sophia Lerner","isPartOf":{"@id":"https:\/\/sophialerner.com\/es\/#website"},"datePublished":"2024-03-25T23:27:13+00:00","dateModified":"2024-03-25T23:39:13+00:00","breadcrumb":{"@id":"https:\/\/sophialerner.com\/es\/product-care\/#breadcrumb"},"inLanguage":"es","potentialAction":[{"@type":"ReadAction","target":["https:\/\/sophialerner.com\/es\/product-care\/"]}]},{"@type":"BreadcrumbList","@id":"https:\/\/sophialerner.com\/es\/product-care\/#breadcrumb","itemListElement":[{"@type":"ListItem","position":1,"name":"Home","item":"https:\/\/sophialerner.com\/es\/"},{"@type":"ListItem","position":2,"name":"Cuidado"}]},{"@type":"WebSite","@id":"https:\/\/sophialerner.com\/es\/#website","url":"https:\/\/sophialerner.com\/es\/","name":"Sophia Lerner","description":"SOPHIA LERNER is a Peruvian brand founded in 2016","publisher":{"@id":"https:\/\/sophialerner.com\/es\/#organization"},"potentialAction":[{"@type":"SearchAction","target":{"@type":"EntryPoint","urlTemplate":"https:\/\/sophialerner.com\/es\/?s={search_term_string}"},"query-input":{"@type":"PropertyValueSpecification","valueRequired":true,"valueName":"search_term_string"}}],"inLanguage":"es"},{"@type":"Organization","@id":"https:\/\/sophialerner.com\/es\/#organization","name":"Sophia Lerner","url":"https:\/\/sophialerner.com\/es\/","logo":{"@type":"ImageObject","inLanguage":"es","@id":"https:\/\/sophialerner.com\/es\/#\/schema\/logo\/image\/","url":"https:\/\/sophialerner.com\/wp-content\/uploads\/2024\/09\/decoracion-2.png","contentUrl":"https:\/\/sophialerner.com\/wp-content\/uploads\/2024\/09\/decoracion-2.png","width":751,"height":688,"caption":"Sophia Lerner"},"image":{"@id":"https:\/\/sophialerner.com\/es\/#\/schema\/logo\/image\/"},"sameAs":["https:\/\/www.facebook.com\/sophialernerdesigner","https:\/\/www.instagram.com\/sophialerner\/"]}]}},"_links":{"self":[{"href":"https:\/\/sophialerner.com\/es\/wp-json\/wp\/v2\/pages\/15633","targetHints":{"allow":["GET"]}}],"collection":[{"href":"https:\/\/sophialerner.com\/es\/wp-json\/wp\/v2\/pages"}],"about":[{"href":"https:\/\/sophialerner.com\/es\/wp-json\/wp\/v2\/types\/page"}],"author":[{"embeddable":true,"href":"https:\/\/sophialerner.com\/es\/wp-json\/wp\/v2\/users\/11"}],"replies":[{"embeddable":true,"href":"https:\/\/sophialerner.com\/es\/wp-json\/wp\/v2\/comments?post=15633"}],"version-history":[{"count":0,"href":"https:\/\/sophialerner.com\/es\/wp-json\/wp\/v2\/pages\/15633\/revisions"}],"wp:attachment":[{"href":"https:\/\/sophialerner.com\/es\/wp-json\/wp\/v2\/media?parent=15633"}],"curies":[{"name":"wp","href":"https:\/\/api.w.org\/{rel}","templated":true}]}}