{"id":18040,"date":"2025-07-14T12:23:45","date_gmt":"2025-07-14T17:23:45","guid":{"rendered":"https:\/\/sophialerner.com\/product\/laser-jacket-25\/"},"modified":"2025-07-22T16:30:36","modified_gmt":"2025-07-22T21:30:36","slug":"laser-jacket-25","status":"publish","type":"product","link":"https:\/\/sophialerner.com\/es\/producto\/laser-jacket-25\/","title":{"rendered":"Laser Jacket 25&#8242;"},"content":{"rendered":"<p>Casaca laser de denim. Fit cl\u00e1sico.<\/p>\n<p>100% algod\u00f3n<\/p>\n<p>Hecho en Per\u00fa<\/p>\n<p>&nbsp;<\/p>\n<p>&nbsp;<\/p>\n","protected":false},"excerpt":{"rendered":"<p>Casaca laser de denim. Fit cl\u00e1sico. 100% algod\u00f3n Hecho en Per\u00fa &nbsp; &nbsp;<\/p>\n","protected":false},"featured_media":18384,"template":"","meta":{"_acf_changed":false},"product_brand":[],"product_cat":[189],"product_tag":[],"class_list":{"0":"post-18040","1":"product","2":"type-product","3":"status-publish","4":"has-post-thumbnail","6":"product_cat-chaquetas","7":"pa_size-l-es","8":"pa_size-m-es","9":"pa_size-s-es","11":"first","12":"instock","13":"shipping-taxable","14":"purchasable","15":"product-type-variable"},"acf":[],"yoast_head":"<!-- This site is optimized with the Yoast SEO plugin v27.2 - https:\/\/yoast.com\/product\/yoast-seo-wordpress\/ -->\n<title>Laser Jacket 25&#039; - Sophia Lerner<\/title>\n<meta name=\"robots\" content=\"index, follow, max-snippet:-1, max-image-preview:large, max-video-preview:-1\" \/>\n<link rel=\"canonical\" href=\"https:\/\/sophialerner.com\/es\/producto\/laser-jacket-25\/\" \/>\n<meta property=\"og:locale\" content=\"es_ES\" \/>\n<meta property=\"og:type\" content=\"article\" \/>\n<meta property=\"og:title\" content=\"Laser Jacket 25&#039; - Sophia Lerner\" \/>\n<meta property=\"og:description\" content=\"Casaca laser de denim. Fit cl\u00e1sico. 100% algod\u00f3n Hecho en Per\u00fa &nbsp; &nbsp;\" \/>\n<meta property=\"og:url\" content=\"https:\/\/sophialerner.com\/es\/producto\/laser-jacket-25\/\" \/>\n<meta property=\"og:site_name\" content=\"Sophia Lerner\" \/>\n<meta property=\"article:publisher\" content=\"https:\/\/www.facebook.com\/sophialernerdesigner\" \/>\n<meta property=\"article:modified_time\" content=\"2025-07-22T21:30:36+00:00\" \/>\n<meta property=\"og:image\" content=\"https:\/\/sophialerner.com\/wp-content\/uploads\/2025\/07\/laserjacket25.jpg\" \/>\n\t<meta property=\"og:image:width\" content=\"768\" \/>\n\t<meta property=\"og:image:height\" content=\"1024\" \/>\n\t<meta property=\"og:image:type\" content=\"image\/jpeg\" \/>\n<meta name=\"twitter:card\" content=\"summary_large_image\" \/>\n<meta name=\"twitter:label1\" content=\"Tiempo de lectura\" \/>\n\t<meta name=\"twitter:data1\" content=\"1 minuto\" \/>\n<script type=\"application\/ld+json\" class=\"yoast-schema-graph\">{\"@context\":\"https:\/\/schema.org\",\"@graph\":[{\"@type\":\"WebPage\",\"@id\":\"https:\/\/sophialerner.com\/es\/producto\/laser-jacket-25\/\",\"url\":\"https:\/\/sophialerner.com\/es\/producto\/laser-jacket-25\/\",\"name\":\"Laser Jacket 25' - Sophia Lerner\",\"isPartOf\":{\"@id\":\"https:\/\/sophialerner.com\/es\/#website\"},\"primaryImageOfPage\":{\"@id\":\"https:\/\/sophialerner.com\/es\/producto\/laser-jacket-25\/#primaryimage\"},\"image\":{\"@id\":\"https:\/\/sophialerner.com\/es\/producto\/laser-jacket-25\/#primaryimage\"},\"thumbnailUrl\":\"https:\/\/sophialerner.com\/wp-content\/uploads\/2025\/07\/SL6159.jpg\",\"datePublished\":\"2025-07-14T17:23:45+00:00\",\"dateModified\":\"2025-07-22T21:30:36+00:00\",\"breadcrumb\":{\"@id\":\"https:\/\/sophialerner.com\/es\/producto\/laser-jacket-25\/#breadcrumb\"},\"inLanguage\":\"es\",\"potentialAction\":[{\"@type\":\"ReadAction\",\"target\":[\"https:\/\/sophialerner.com\/es\/producto\/laser-jacket-25\/\"]}]},{\"@type\":\"ImageObject\",\"inLanguage\":\"es\",\"@id\":\"https:\/\/sophialerner.com\/es\/producto\/laser-jacket-25\/#primaryimage\",\"url\":\"https:\/\/sophialerner.com\/wp-content\/uploads\/2025\/07\/SL6159.jpg\",\"contentUrl\":\"https:\/\/sophialerner.com\/wp-content\/uploads\/2025\/07\/SL6159.jpg\",\"width\":1000,\"height\":1500},{\"@type\":\"BreadcrumbList\",\"@id\":\"https:\/\/sophialerner.com\/es\/producto\/laser-jacket-25\/#breadcrumb\",\"itemListElement\":[{\"@type\":\"ListItem\",\"position\":1,\"name\":\"Home\",\"item\":\"https:\/\/sophialerner.com\/es\/\"},{\"@type\":\"ListItem\",\"position\":2,\"name\":\"Laser Jacket 25&#8242;\"}]},{\"@type\":\"WebSite\",\"@id\":\"https:\/\/sophialerner.com\/es\/#website\",\"url\":\"https:\/\/sophialerner.com\/es\/\",\"name\":\"Sophia Lerner\",\"description\":\"SOPHIA LERNER is a Peruvian brand founded in 2016\",\"publisher\":{\"@id\":\"https:\/\/sophialerner.com\/es\/#organization\"},\"potentialAction\":[{\"@type\":\"SearchAction\",\"target\":{\"@type\":\"EntryPoint\",\"urlTemplate\":\"https:\/\/sophialerner.com\/es\/?s={search_term_string}\"},\"query-input\":{\"@type\":\"PropertyValueSpecification\",\"valueRequired\":true,\"valueName\":\"search_term_string\"}}],\"inLanguage\":\"es\"},{\"@type\":\"Organization\",\"@id\":\"https:\/\/sophialerner.com\/es\/#organization\",\"name\":\"Sophia Lerner\",\"url\":\"https:\/\/sophialerner.com\/es\/\",\"logo\":{\"@type\":\"ImageObject\",\"inLanguage\":\"es\",\"@id\":\"https:\/\/sophialerner.com\/es\/#\/schema\/logo\/image\/\",\"url\":\"https:\/\/sophialerner.com\/wp-content\/uploads\/2024\/09\/decoracion-2.png\",\"contentUrl\":\"https:\/\/sophialerner.com\/wp-content\/uploads\/2024\/09\/decoracion-2.png\",\"width\":751,\"height\":688,\"caption\":\"Sophia Lerner\"},\"image\":{\"@id\":\"https:\/\/sophialerner.com\/es\/#\/schema\/logo\/image\/\"},\"sameAs\":[\"https:\/\/www.facebook.com\/sophialernerdesigner\",\"https:\/\/www.instagram.com\/sophialerner\/\"]}]}<\/script>\n<!-- \/ Yoast SEO plugin. -->","yoast_head_json":{"title":"Laser Jacket 25' - Sophia Lerner","robots":{"index":"index","follow":"follow","max-snippet":"max-snippet:-1","max-image-preview":"max-image-preview:large","max-video-preview":"max-video-preview:-1"},"canonical":"https:\/\/sophialerner.com\/es\/producto\/laser-jacket-25\/","og_locale":"es_ES","og_type":"article","og_title":"Laser Jacket 25' - Sophia Lerner","og_description":"Casaca laser de denim. Fit cl\u00e1sico. 100% algod\u00f3n Hecho en Per\u00fa &nbsp; &nbsp;","og_url":"https:\/\/sophialerner.com\/es\/producto\/laser-jacket-25\/","og_site_name":"Sophia Lerner","article_publisher":"https:\/\/www.facebook.com\/sophialernerdesigner","article_modified_time":"2025-07-22T21:30:36+00:00","og_image":[{"width":768,"height":1024,"url":"https:\/\/sophialerner.com\/wp-content\/uploads\/2025\/07\/laserjacket25.jpg","type":"image\/jpeg"}],"twitter_card":"summary_large_image","twitter_misc":{"Tiempo de lectura":"1 minuto"},"schema":{"@context":"https:\/\/schema.org","@graph":[{"@type":"WebPage","@id":"https:\/\/sophialerner.com\/es\/producto\/laser-jacket-25\/","url":"https:\/\/sophialerner.com\/es\/producto\/laser-jacket-25\/","name":"Laser Jacket 25' - Sophia Lerner","isPartOf":{"@id":"https:\/\/sophialerner.com\/es\/#website"},"primaryImageOfPage":{"@id":"https:\/\/sophialerner.com\/es\/producto\/laser-jacket-25\/#primaryimage"},"image":{"@id":"https:\/\/sophialerner.com\/es\/producto\/laser-jacket-25\/#primaryimage"},"thumbnailUrl":"https:\/\/sophialerner.com\/wp-content\/uploads\/2025\/07\/SL6159.jpg","datePublished":"2025-07-14T17:23:45+00:00","dateModified":"2025-07-22T21:30:36+00:00","breadcrumb":{"@id":"https:\/\/sophialerner.com\/es\/producto\/laser-jacket-25\/#breadcrumb"},"inLanguage":"es","potentialAction":[{"@type":"ReadAction","target":["https:\/\/sophialerner.com\/es\/producto\/laser-jacket-25\/"]}]},{"@type":"ImageObject","inLanguage":"es","@id":"https:\/\/sophialerner.com\/es\/producto\/laser-jacket-25\/#primaryimage","url":"https:\/\/sophialerner.com\/wp-content\/uploads\/2025\/07\/SL6159.jpg","contentUrl":"https:\/\/sophialerner.com\/wp-content\/uploads\/2025\/07\/SL6159.jpg","width":1000,"height":1500},{"@type":"BreadcrumbList","@id":"https:\/\/sophialerner.com\/es\/producto\/laser-jacket-25\/#breadcrumb","itemListElement":[{"@type":"ListItem","position":1,"name":"Home","item":"https:\/\/sophialerner.com\/es\/"},{"@type":"ListItem","position":2,"name":"Laser Jacket 25&#8242;"}]},{"@type":"WebSite","@id":"https:\/\/sophialerner.com\/es\/#website","url":"https:\/\/sophialerner.com\/es\/","name":"Sophia Lerner","description":"SOPHIA LERNER is a Peruvian brand founded in 2016","publisher":{"@id":"https:\/\/sophialerner.com\/es\/#organization"},"potentialAction":[{"@type":"SearchAction","target":{"@type":"EntryPoint","urlTemplate":"https:\/\/sophialerner.com\/es\/?s={search_term_string}"},"query-input":{"@type":"PropertyValueSpecification","valueRequired":true,"valueName":"search_term_string"}}],"inLanguage":"es"},{"@type":"Organization","@id":"https:\/\/sophialerner.com\/es\/#organization","name":"Sophia Lerner","url":"https:\/\/sophialerner.com\/es\/","logo":{"@type":"ImageObject","inLanguage":"es","@id":"https:\/\/sophialerner.com\/es\/#\/schema\/logo\/image\/","url":"https:\/\/sophialerner.com\/wp-content\/uploads\/2024\/09\/decoracion-2.png","contentUrl":"https:\/\/sophialerner.com\/wp-content\/uploads\/2024\/09\/decoracion-2.png","width":751,"height":688,"caption":"Sophia Lerner"},"image":{"@id":"https:\/\/sophialerner.com\/es\/#\/schema\/logo\/image\/"},"sameAs":["https:\/\/www.facebook.com\/sophialernerdesigner","https:\/\/www.instagram.com\/sophialerner\/"]}]}},"_links":{"self":[{"href":"https:\/\/sophialerner.com\/es\/wp-json\/wp\/v2\/product\/18040","targetHints":{"allow":["GET"]}}],"collection":[{"href":"https:\/\/sophialerner.com\/es\/wp-json\/wp\/v2\/product"}],"about":[{"href":"https:\/\/sophialerner.com\/es\/wp-json\/wp\/v2\/types\/product"}],"wp:featuredmedia":[{"embeddable":true,"href":"https:\/\/sophialerner.com\/es\/wp-json\/wp\/v2\/media\/18384"}],"wp:attachment":[{"href":"https:\/\/sophialerner.com\/es\/wp-json\/wp\/v2\/media?parent=18040"}],"wp:term":[{"taxonomy":"product_brand","embeddable":true,"href":"https:\/\/sophialerner.com\/es\/wp-json\/wp\/v2\/product_brand?post=18040"},{"taxonomy":"product_cat","embeddable":true,"href":"https:\/\/sophialerner.com\/es\/wp-json\/wp\/v2\/product_cat?post=18040"},{"taxonomy":"product_tag","embeddable":true,"href":"https:\/\/sophialerner.com\/es\/wp-json\/wp\/v2\/product_tag?post=18040"}],"curies":[{"name":"wp","href":"https:\/\/api.w.org\/{rel}","templated":true}]}}