{"id":18073,"date":"2025-07-19T18:49:19","date_gmt":"2025-07-19T23:49:19","guid":{"rendered":"https:\/\/sophialerner.com\/product\/3-4-socks\/"},"modified":"2025-07-19T18:58:27","modified_gmt":"2025-07-19T23:58:27","slug":"3-4-socks","status":"publish","type":"product","link":"https:\/\/sophialerner.com\/es\/producto\/3-4-socks\/","title":{"rendered":"3\/4 Socks"},"content":{"rendered":"<p>Medias 3\/4 te\u00f1idas a mano con \u00edndigo natural.<\/p>\n<p>Tallas: 36-39.<\/p>\n<p>Hecho artesanalmente en Lima, Per\u00fa.<\/p>\n","protected":false},"excerpt":{"rendered":"<p>Medias 3\/4 te\u00f1idas a mano con \u00edndigo natural. Tallas: 36-39. Hecho artesanalmente en Lima, Per\u00fa.<\/p>\n","protected":false},"featured_media":18058,"template":"","meta":{"_acf_changed":false},"product_brand":[],"product_cat":[16],"product_tag":[],"class_list":{"0":"post-18073","1":"product","2":"type-product","3":"status-publish","4":"has-post-thumbnail","6":"product_cat-uncategorized","7":"techniques-shibori-es","8":"techniques-tenido-a-mano","10":"first","11":"outofstock","12":"shipping-taxable","13":"purchasable","14":"product-type-variable"},"acf":[],"yoast_head":"<!-- This site is optimized with the Yoast SEO plugin v27.2 - https:\/\/yoast.com\/product\/yoast-seo-wordpress\/ -->\n<title>3\/4 Socks - Sophia Lerner<\/title>\n<meta name=\"robots\" content=\"index, follow, max-snippet:-1, max-image-preview:large, max-video-preview:-1\" \/>\n<link rel=\"canonical\" href=\"https:\/\/sophialerner.com\/es\/producto\/3-4-socks\/\" \/>\n<meta property=\"og:locale\" content=\"es_ES\" \/>\n<meta property=\"og:type\" content=\"article\" \/>\n<meta property=\"og:title\" content=\"3\/4 Socks - Sophia Lerner\" \/>\n<meta property=\"og:description\" content=\"Medias 3\/4 te\u00f1idas a mano con \u00edndigo natural. Tallas: 36-39. Hecho artesanalmente en Lima, Per\u00fa.\" \/>\n<meta property=\"og:url\" content=\"https:\/\/sophialerner.com\/es\/producto\/3-4-socks\/\" \/>\n<meta property=\"og:site_name\" content=\"Sophia Lerner\" \/>\n<meta property=\"article:publisher\" content=\"https:\/\/www.facebook.com\/sophialernerdesigner\" \/>\n<meta property=\"article:modified_time\" content=\"2025-07-19T23:58:27+00:00\" \/>\n<meta property=\"og:image\" content=\"https:\/\/sophialerner.com\/wp-content\/uploads\/2025\/07\/Shibori-34-Socks.jpg\" \/>\n\t<meta property=\"og:image:width\" content=\"1020\" \/>\n\t<meta property=\"og:image:height\" content=\"1275\" \/>\n\t<meta property=\"og:image:type\" content=\"image\/jpeg\" \/>\n<meta name=\"twitter:card\" content=\"summary_large_image\" \/>\n<meta name=\"twitter:label1\" content=\"Tiempo de lectura\" \/>\n\t<meta name=\"twitter:data1\" content=\"1 minuto\" \/>\n<script type=\"application\/ld+json\" class=\"yoast-schema-graph\">{\"@context\":\"https:\/\/schema.org\",\"@graph\":[{\"@type\":\"WebPage\",\"@id\":\"https:\/\/sophialerner.com\/es\/producto\/3-4-socks\/\",\"url\":\"https:\/\/sophialerner.com\/es\/producto\/3-4-socks\/\",\"name\":\"3\/4 Socks - Sophia Lerner\",\"isPartOf\":{\"@id\":\"https:\/\/sophialerner.com\/es\/#website\"},\"primaryImageOfPage\":{\"@id\":\"https:\/\/sophialerner.com\/es\/producto\/3-4-socks\/#primaryimage\"},\"image\":{\"@id\":\"https:\/\/sophialerner.com\/es\/producto\/3-4-socks\/#primaryimage\"},\"thumbnailUrl\":\"https:\/\/sophialerner.com\/wp-content\/uploads\/2025\/07\/Shibori-34-Socks.jpg\",\"datePublished\":\"2025-07-19T23:49:19+00:00\",\"dateModified\":\"2025-07-19T23:58:27+00:00\",\"breadcrumb\":{\"@id\":\"https:\/\/sophialerner.com\/es\/producto\/3-4-socks\/#breadcrumb\"},\"inLanguage\":\"es\",\"potentialAction\":[{\"@type\":\"ReadAction\",\"target\":[\"https:\/\/sophialerner.com\/es\/producto\/3-4-socks\/\"]}]},{\"@type\":\"ImageObject\",\"inLanguage\":\"es\",\"@id\":\"https:\/\/sophialerner.com\/es\/producto\/3-4-socks\/#primaryimage\",\"url\":\"https:\/\/sophialerner.com\/wp-content\/uploads\/2025\/07\/Shibori-34-Socks.jpg\",\"contentUrl\":\"https:\/\/sophialerner.com\/wp-content\/uploads\/2025\/07\/Shibori-34-Socks.jpg\",\"width\":1020,\"height\":1275},{\"@type\":\"BreadcrumbList\",\"@id\":\"https:\/\/sophialerner.com\/es\/producto\/3-4-socks\/#breadcrumb\",\"itemListElement\":[{\"@type\":\"ListItem\",\"position\":1,\"name\":\"Home\",\"item\":\"https:\/\/sophialerner.com\/es\/\"},{\"@type\":\"ListItem\",\"position\":2,\"name\":\"3\/4 Socks\"}]},{\"@type\":\"WebSite\",\"@id\":\"https:\/\/sophialerner.com\/es\/#website\",\"url\":\"https:\/\/sophialerner.com\/es\/\",\"name\":\"Sophia Lerner\",\"description\":\"SOPHIA LERNER is a Peruvian brand founded in 2016\",\"publisher\":{\"@id\":\"https:\/\/sophialerner.com\/es\/#organization\"},\"potentialAction\":[{\"@type\":\"SearchAction\",\"target\":{\"@type\":\"EntryPoint\",\"urlTemplate\":\"https:\/\/sophialerner.com\/es\/?s={search_term_string}\"},\"query-input\":{\"@type\":\"PropertyValueSpecification\",\"valueRequired\":true,\"valueName\":\"search_term_string\"}}],\"inLanguage\":\"es\"},{\"@type\":\"Organization\",\"@id\":\"https:\/\/sophialerner.com\/es\/#organization\",\"name\":\"Sophia Lerner\",\"url\":\"https:\/\/sophialerner.com\/es\/\",\"logo\":{\"@type\":\"ImageObject\",\"inLanguage\":\"es\",\"@id\":\"https:\/\/sophialerner.com\/es\/#\/schema\/logo\/image\/\",\"url\":\"https:\/\/sophialerner.com\/wp-content\/uploads\/2024\/09\/decoracion-2.png\",\"contentUrl\":\"https:\/\/sophialerner.com\/wp-content\/uploads\/2024\/09\/decoracion-2.png\",\"width\":751,\"height\":688,\"caption\":\"Sophia Lerner\"},\"image\":{\"@id\":\"https:\/\/sophialerner.com\/es\/#\/schema\/logo\/image\/\"},\"sameAs\":[\"https:\/\/www.facebook.com\/sophialernerdesigner\",\"https:\/\/www.instagram.com\/sophialerner\/\"]}]}<\/script>\n<!-- \/ Yoast SEO plugin. -->","yoast_head_json":{"title":"3\/4 Socks - Sophia Lerner","robots":{"index":"index","follow":"follow","max-snippet":"max-snippet:-1","max-image-preview":"max-image-preview:large","max-video-preview":"max-video-preview:-1"},"canonical":"https:\/\/sophialerner.com\/es\/producto\/3-4-socks\/","og_locale":"es_ES","og_type":"article","og_title":"3\/4 Socks - Sophia Lerner","og_description":"Medias 3\/4 te\u00f1idas a mano con \u00edndigo natural. Tallas: 36-39. Hecho artesanalmente en Lima, Per\u00fa.","og_url":"https:\/\/sophialerner.com\/es\/producto\/3-4-socks\/","og_site_name":"Sophia Lerner","article_publisher":"https:\/\/www.facebook.com\/sophialernerdesigner","article_modified_time":"2025-07-19T23:58:27+00:00","og_image":[{"width":1020,"height":1275,"url":"https:\/\/sophialerner.com\/wp-content\/uploads\/2025\/07\/Shibori-34-Socks.jpg","type":"image\/jpeg"}],"twitter_card":"summary_large_image","twitter_misc":{"Tiempo de lectura":"1 minuto"},"schema":{"@context":"https:\/\/schema.org","@graph":[{"@type":"WebPage","@id":"https:\/\/sophialerner.com\/es\/producto\/3-4-socks\/","url":"https:\/\/sophialerner.com\/es\/producto\/3-4-socks\/","name":"3\/4 Socks - Sophia Lerner","isPartOf":{"@id":"https:\/\/sophialerner.com\/es\/#website"},"primaryImageOfPage":{"@id":"https:\/\/sophialerner.com\/es\/producto\/3-4-socks\/#primaryimage"},"image":{"@id":"https:\/\/sophialerner.com\/es\/producto\/3-4-socks\/#primaryimage"},"thumbnailUrl":"https:\/\/sophialerner.com\/wp-content\/uploads\/2025\/07\/Shibori-34-Socks.jpg","datePublished":"2025-07-19T23:49:19+00:00","dateModified":"2025-07-19T23:58:27+00:00","breadcrumb":{"@id":"https:\/\/sophialerner.com\/es\/producto\/3-4-socks\/#breadcrumb"},"inLanguage":"es","potentialAction":[{"@type":"ReadAction","target":["https:\/\/sophialerner.com\/es\/producto\/3-4-socks\/"]}]},{"@type":"ImageObject","inLanguage":"es","@id":"https:\/\/sophialerner.com\/es\/producto\/3-4-socks\/#primaryimage","url":"https:\/\/sophialerner.com\/wp-content\/uploads\/2025\/07\/Shibori-34-Socks.jpg","contentUrl":"https:\/\/sophialerner.com\/wp-content\/uploads\/2025\/07\/Shibori-34-Socks.jpg","width":1020,"height":1275},{"@type":"BreadcrumbList","@id":"https:\/\/sophialerner.com\/es\/producto\/3-4-socks\/#breadcrumb","itemListElement":[{"@type":"ListItem","position":1,"name":"Home","item":"https:\/\/sophialerner.com\/es\/"},{"@type":"ListItem","position":2,"name":"3\/4 Socks"}]},{"@type":"WebSite","@id":"https:\/\/sophialerner.com\/es\/#website","url":"https:\/\/sophialerner.com\/es\/","name":"Sophia Lerner","description":"SOPHIA LERNER is a Peruvian brand founded in 2016","publisher":{"@id":"https:\/\/sophialerner.com\/es\/#organization"},"potentialAction":[{"@type":"SearchAction","target":{"@type":"EntryPoint","urlTemplate":"https:\/\/sophialerner.com\/es\/?s={search_term_string}"},"query-input":{"@type":"PropertyValueSpecification","valueRequired":true,"valueName":"search_term_string"}}],"inLanguage":"es"},{"@type":"Organization","@id":"https:\/\/sophialerner.com\/es\/#organization","name":"Sophia Lerner","url":"https:\/\/sophialerner.com\/es\/","logo":{"@type":"ImageObject","inLanguage":"es","@id":"https:\/\/sophialerner.com\/es\/#\/schema\/logo\/image\/","url":"https:\/\/sophialerner.com\/wp-content\/uploads\/2024\/09\/decoracion-2.png","contentUrl":"https:\/\/sophialerner.com\/wp-content\/uploads\/2024\/09\/decoracion-2.png","width":751,"height":688,"caption":"Sophia Lerner"},"image":{"@id":"https:\/\/sophialerner.com\/es\/#\/schema\/logo\/image\/"},"sameAs":["https:\/\/www.facebook.com\/sophialernerdesigner","https:\/\/www.instagram.com\/sophialerner\/"]}]}},"_links":{"self":[{"href":"https:\/\/sophialerner.com\/es\/wp-json\/wp\/v2\/product\/18073","targetHints":{"allow":["GET"]}}],"collection":[{"href":"https:\/\/sophialerner.com\/es\/wp-json\/wp\/v2\/product"}],"about":[{"href":"https:\/\/sophialerner.com\/es\/wp-json\/wp\/v2\/types\/product"}],"wp:featuredmedia":[{"embeddable":true,"href":"https:\/\/sophialerner.com\/es\/wp-json\/wp\/v2\/media\/18058"}],"wp:attachment":[{"href":"https:\/\/sophialerner.com\/es\/wp-json\/wp\/v2\/media?parent=18073"}],"wp:term":[{"taxonomy":"product_brand","embeddable":true,"href":"https:\/\/sophialerner.com\/es\/wp-json\/wp\/v2\/product_brand?post=18073"},{"taxonomy":"product_cat","embeddable":true,"href":"https:\/\/sophialerner.com\/es\/wp-json\/wp\/v2\/product_cat?post=18073"},{"taxonomy":"product_tag","embeddable":true,"href":"https:\/\/sophialerner.com\/es\/wp-json\/wp\/v2\/product_tag?post=18073"}],"curies":[{"name":"wp","href":"https:\/\/api.w.org\/{rel}","templated":true}]}}