{"id":18203,"date":"2025-09-01T11:25:08","date_gmt":"2025-09-01T16:25:08","guid":{"rendered":"https:\/\/sophialerner.com\/product\/indigo-hoodie\/"},"modified":"2025-09-01T11:25:08","modified_gmt":"2025-09-01T16:25:08","slug":"indigo-hoodie","status":"publish","type":"product","link":"https:\/\/sophialerner.com\/es\/producto\/indigo-hoodie\/","title":{"rendered":"Indigo Hoodie"},"content":{"rendered":"<p>Hoodie de manga larga, te\u00f1ido naturalmente con \u00edndigo. Hecho con algod\u00f3n org\u00e1nico, tiene un acabado suave. Fit relajado.<\/p>\n<p>Hecho en Per\u00fa<\/p>\n","protected":false},"excerpt":{"rendered":"<p>Hoodie de manga larga, te\u00f1ido naturalmente con \u00edndigo. Hecho con algod\u00f3n org\u00e1nico, tiene un acabado suave. Fit relajado. Hecho en Per\u00fa<\/p>\n","protected":false},"featured_media":18357,"template":"","meta":{"_acf_changed":false},"product_brand":[],"product_cat":[216,232,233],"product_tag":[],"class_list":{"0":"post-18203","1":"product","2":"type-product","3":"status-publish","4":"has-post-thumbnail","6":"product_cat-polera","7":"product_cat-shop-unisex-es","8":"product_cat-shop-women-es","9":"pa_size-l-es","10":"pa_size-m-es","11":"pa_size-s-es","12":"techniques-tenido-a-mano","14":"first","15":"instock","16":"shipping-taxable","17":"purchasable","18":"product-type-variable"},"acf":[],"yoast_head":"<!-- This site is optimized with the Yoast SEO plugin v27.2 - https:\/\/yoast.com\/product\/yoast-seo-wordpress\/ -->\n<title>Indigo Hoodie - Sophia Lerner<\/title>\n<meta name=\"robots\" content=\"index, follow, max-snippet:-1, max-image-preview:large, max-video-preview:-1\" \/>\n<link rel=\"canonical\" href=\"https:\/\/sophialerner.com\/es\/producto\/indigo-hoodie\/\" \/>\n<meta property=\"og:locale\" content=\"es_ES\" \/>\n<meta property=\"og:type\" content=\"article\" \/>\n<meta property=\"og:title\" content=\"Indigo Hoodie - Sophia Lerner\" \/>\n<meta property=\"og:description\" content=\"Hoodie de manga larga, te\u00f1ido naturalmente con \u00edndigo. Hecho con algod\u00f3n org\u00e1nico, tiene un acabado suave. Fit relajado. Hecho en Per\u00fa\" \/>\n<meta property=\"og:url\" content=\"https:\/\/sophialerner.com\/es\/producto\/indigo-hoodie\/\" \/>\n<meta property=\"og:site_name\" content=\"Sophia Lerner\" \/>\n<meta property=\"article:publisher\" content=\"https:\/\/www.facebook.com\/sophialernerdesigner\" \/>\n<meta property=\"og:image\" content=\"https:\/\/sophialerner.com\/wp-content\/uploads\/2025\/09\/IndigoHoodie.jpg\" \/>\n\t<meta property=\"og:image:width\" content=\"4122\" \/>\n\t<meta property=\"og:image:height\" content=\"5152\" \/>\n\t<meta property=\"og:image:type\" content=\"image\/jpeg\" \/>\n<meta name=\"twitter:card\" content=\"summary_large_image\" \/>\n<script type=\"application\/ld+json\" class=\"yoast-schema-graph\">{\"@context\":\"https:\/\/schema.org\",\"@graph\":[{\"@type\":\"WebPage\",\"@id\":\"https:\/\/sophialerner.com\/es\/producto\/indigo-hoodie\/\",\"url\":\"https:\/\/sophialerner.com\/es\/producto\/indigo-hoodie\/\",\"name\":\"Indigo Hoodie - Sophia Lerner\",\"isPartOf\":{\"@id\":\"https:\/\/sophialerner.com\/es\/#website\"},\"primaryImageOfPage\":{\"@id\":\"https:\/\/sophialerner.com\/es\/producto\/indigo-hoodie\/#primaryimage\"},\"image\":{\"@id\":\"https:\/\/sophialerner.com\/es\/producto\/indigo-hoodie\/#primaryimage\"},\"thumbnailUrl\":\"https:\/\/sophialerner.com\/wp-content\/uploads\/2025\/09\/SL7349.jpg\",\"datePublished\":\"2025-09-01T16:25:08+00:00\",\"breadcrumb\":{\"@id\":\"https:\/\/sophialerner.com\/es\/producto\/indigo-hoodie\/#breadcrumb\"},\"inLanguage\":\"es\",\"potentialAction\":[{\"@type\":\"ReadAction\",\"target\":[\"https:\/\/sophialerner.com\/es\/producto\/indigo-hoodie\/\"]}]},{\"@type\":\"ImageObject\",\"inLanguage\":\"es\",\"@id\":\"https:\/\/sophialerner.com\/es\/producto\/indigo-hoodie\/#primaryimage\",\"url\":\"https:\/\/sophialerner.com\/wp-content\/uploads\/2025\/09\/SL7349.jpg\",\"contentUrl\":\"https:\/\/sophialerner.com\/wp-content\/uploads\/2025\/09\/SL7349.jpg\",\"width\":1000,\"height\":1500},{\"@type\":\"BreadcrumbList\",\"@id\":\"https:\/\/sophialerner.com\/es\/producto\/indigo-hoodie\/#breadcrumb\",\"itemListElement\":[{\"@type\":\"ListItem\",\"position\":1,\"name\":\"Home\",\"item\":\"https:\/\/sophialerner.com\/es\/\"},{\"@type\":\"ListItem\",\"position\":2,\"name\":\"Indigo Hoodie\"}]},{\"@type\":\"WebSite\",\"@id\":\"https:\/\/sophialerner.com\/es\/#website\",\"url\":\"https:\/\/sophialerner.com\/es\/\",\"name\":\"Sophia Lerner\",\"description\":\"SOPHIA LERNER is a Peruvian brand founded in 2016\",\"publisher\":{\"@id\":\"https:\/\/sophialerner.com\/es\/#organization\"},\"potentialAction\":[{\"@type\":\"SearchAction\",\"target\":{\"@type\":\"EntryPoint\",\"urlTemplate\":\"https:\/\/sophialerner.com\/es\/?s={search_term_string}\"},\"query-input\":{\"@type\":\"PropertyValueSpecification\",\"valueRequired\":true,\"valueName\":\"search_term_string\"}}],\"inLanguage\":\"es\"},{\"@type\":\"Organization\",\"@id\":\"https:\/\/sophialerner.com\/es\/#organization\",\"name\":\"Sophia Lerner\",\"url\":\"https:\/\/sophialerner.com\/es\/\",\"logo\":{\"@type\":\"ImageObject\",\"inLanguage\":\"es\",\"@id\":\"https:\/\/sophialerner.com\/es\/#\/schema\/logo\/image\/\",\"url\":\"https:\/\/sophialerner.com\/wp-content\/uploads\/2024\/09\/decoracion-2.png\",\"contentUrl\":\"https:\/\/sophialerner.com\/wp-content\/uploads\/2024\/09\/decoracion-2.png\",\"width\":751,\"height\":688,\"caption\":\"Sophia Lerner\"},\"image\":{\"@id\":\"https:\/\/sophialerner.com\/es\/#\/schema\/logo\/image\/\"},\"sameAs\":[\"https:\/\/www.facebook.com\/sophialernerdesigner\",\"https:\/\/www.instagram.com\/sophialerner\/\"]}]}<\/script>\n<!-- \/ Yoast SEO plugin. -->","yoast_head_json":{"title":"Indigo Hoodie - Sophia Lerner","robots":{"index":"index","follow":"follow","max-snippet":"max-snippet:-1","max-image-preview":"max-image-preview:large","max-video-preview":"max-video-preview:-1"},"canonical":"https:\/\/sophialerner.com\/es\/producto\/indigo-hoodie\/","og_locale":"es_ES","og_type":"article","og_title":"Indigo Hoodie - Sophia Lerner","og_description":"Hoodie de manga larga, te\u00f1ido naturalmente con \u00edndigo. Hecho con algod\u00f3n org\u00e1nico, tiene un acabado suave. Fit relajado. Hecho en Per\u00fa","og_url":"https:\/\/sophialerner.com\/es\/producto\/indigo-hoodie\/","og_site_name":"Sophia Lerner","article_publisher":"https:\/\/www.facebook.com\/sophialernerdesigner","og_image":[{"width":4122,"height":5152,"url":"https:\/\/sophialerner.com\/wp-content\/uploads\/2025\/09\/IndigoHoodie.jpg","type":"image\/jpeg"}],"twitter_card":"summary_large_image","schema":{"@context":"https:\/\/schema.org","@graph":[{"@type":"WebPage","@id":"https:\/\/sophialerner.com\/es\/producto\/indigo-hoodie\/","url":"https:\/\/sophialerner.com\/es\/producto\/indigo-hoodie\/","name":"Indigo Hoodie - Sophia Lerner","isPartOf":{"@id":"https:\/\/sophialerner.com\/es\/#website"},"primaryImageOfPage":{"@id":"https:\/\/sophialerner.com\/es\/producto\/indigo-hoodie\/#primaryimage"},"image":{"@id":"https:\/\/sophialerner.com\/es\/producto\/indigo-hoodie\/#primaryimage"},"thumbnailUrl":"https:\/\/sophialerner.com\/wp-content\/uploads\/2025\/09\/SL7349.jpg","datePublished":"2025-09-01T16:25:08+00:00","breadcrumb":{"@id":"https:\/\/sophialerner.com\/es\/producto\/indigo-hoodie\/#breadcrumb"},"inLanguage":"es","potentialAction":[{"@type":"ReadAction","target":["https:\/\/sophialerner.com\/es\/producto\/indigo-hoodie\/"]}]},{"@type":"ImageObject","inLanguage":"es","@id":"https:\/\/sophialerner.com\/es\/producto\/indigo-hoodie\/#primaryimage","url":"https:\/\/sophialerner.com\/wp-content\/uploads\/2025\/09\/SL7349.jpg","contentUrl":"https:\/\/sophialerner.com\/wp-content\/uploads\/2025\/09\/SL7349.jpg","width":1000,"height":1500},{"@type":"BreadcrumbList","@id":"https:\/\/sophialerner.com\/es\/producto\/indigo-hoodie\/#breadcrumb","itemListElement":[{"@type":"ListItem","position":1,"name":"Home","item":"https:\/\/sophialerner.com\/es\/"},{"@type":"ListItem","position":2,"name":"Indigo Hoodie"}]},{"@type":"WebSite","@id":"https:\/\/sophialerner.com\/es\/#website","url":"https:\/\/sophialerner.com\/es\/","name":"Sophia Lerner","description":"SOPHIA LERNER is a Peruvian brand founded in 2016","publisher":{"@id":"https:\/\/sophialerner.com\/es\/#organization"},"potentialAction":[{"@type":"SearchAction","target":{"@type":"EntryPoint","urlTemplate":"https:\/\/sophialerner.com\/es\/?s={search_term_string}"},"query-input":{"@type":"PropertyValueSpecification","valueRequired":true,"valueName":"search_term_string"}}],"inLanguage":"es"},{"@type":"Organization","@id":"https:\/\/sophialerner.com\/es\/#organization","name":"Sophia Lerner","url":"https:\/\/sophialerner.com\/es\/","logo":{"@type":"ImageObject","inLanguage":"es","@id":"https:\/\/sophialerner.com\/es\/#\/schema\/logo\/image\/","url":"https:\/\/sophialerner.com\/wp-content\/uploads\/2024\/09\/decoracion-2.png","contentUrl":"https:\/\/sophialerner.com\/wp-content\/uploads\/2024\/09\/decoracion-2.png","width":751,"height":688,"caption":"Sophia Lerner"},"image":{"@id":"https:\/\/sophialerner.com\/es\/#\/schema\/logo\/image\/"},"sameAs":["https:\/\/www.facebook.com\/sophialernerdesigner","https:\/\/www.instagram.com\/sophialerner\/"]}]}},"_links":{"self":[{"href":"https:\/\/sophialerner.com\/es\/wp-json\/wp\/v2\/product\/18203","targetHints":{"allow":["GET"]}}],"collection":[{"href":"https:\/\/sophialerner.com\/es\/wp-json\/wp\/v2\/product"}],"about":[{"href":"https:\/\/sophialerner.com\/es\/wp-json\/wp\/v2\/types\/product"}],"wp:featuredmedia":[{"embeddable":true,"href":"https:\/\/sophialerner.com\/es\/wp-json\/wp\/v2\/media\/18357"}],"wp:attachment":[{"href":"https:\/\/sophialerner.com\/es\/wp-json\/wp\/v2\/media?parent=18203"}],"wp:term":[{"taxonomy":"product_brand","embeddable":true,"href":"https:\/\/sophialerner.com\/es\/wp-json\/wp\/v2\/product_brand?post=18203"},{"taxonomy":"product_cat","embeddable":true,"href":"https:\/\/sophialerner.com\/es\/wp-json\/wp\/v2\/product_cat?post=18203"},{"taxonomy":"product_tag","embeddable":true,"href":"https:\/\/sophialerner.com\/es\/wp-json\/wp\/v2\/product_tag?post=18203"}],"curies":[{"name":"wp","href":"https:\/\/api.w.org\/{rel}","templated":true}]}}