{"id":18416,"date":"2025-11-18T17:29:46","date_gmt":"2025-11-18T22:29:46","guid":{"rendered":"https:\/\/sophialerner.com\/product\/coffee-hoodie\/"},"modified":"2025-11-18T17:29:46","modified_gmt":"2025-11-18T22:29:46","slug":"coffee-hoodie","status":"publish","type":"product","link":"https:\/\/sophialerner.com\/es\/producto\/coffee-hoodie\/","title":{"rendered":"Coffee Hoodie"},"content":{"rendered":"<p>Hoodie de algod\u00f3n org\u00e1nico de manga larga te\u00f1ido a mano con desperdicio de caf\u00e9.<\/p>\n<p>100% algod\u00f3n.<\/p>\n<p>Hecho en Per\u00fa<\/p>\n<p>La modelo usa un talla M<\/p>\n","protected":false},"excerpt":{"rendered":"<p>Hoodie de algod\u00f3n org\u00e1nico de manga larga te\u00f1ido a mano con desperdicio de caf\u00e9. 100% algod\u00f3n. Hecho en Per\u00fa La modelo usa un talla M<\/p>\n","protected":false},"featured_media":18413,"template":"","meta":{"_acf_changed":false},"product_brand":[],"product_cat":[216],"product_tag":[],"class_list":{"0":"post-18416","1":"product","2":"type-product","3":"status-publish","4":"has-post-thumbnail","6":"product_cat-polera","7":"pa_size-l-es","8":"pa_size-m-es","9":"pa_size-s-es","10":"techniques-tenido-a-mano","12":"first","13":"instock","14":"shipping-taxable","15":"purchasable","16":"product-type-variable"},"acf":[],"yoast_head":"<!-- This site is optimized with the Yoast SEO plugin v27.2 - https:\/\/yoast.com\/product\/yoast-seo-wordpress\/ -->\n<title>Coffee Hoodie - Sophia Lerner<\/title>\n<meta name=\"robots\" content=\"index, follow, max-snippet:-1, max-image-preview:large, max-video-preview:-1\" \/>\n<link rel=\"canonical\" href=\"https:\/\/sophialerner.com\/es\/producto\/coffee-hoodie\/\" \/>\n<meta property=\"og:locale\" content=\"es_ES\" \/>\n<meta property=\"og:type\" content=\"article\" \/>\n<meta property=\"og:title\" content=\"Coffee Hoodie - Sophia Lerner\" \/>\n<meta property=\"og:description\" content=\"Hoodie de algod\u00f3n org\u00e1nico de manga larga te\u00f1ido a mano con desperdicio de caf\u00e9. 100% algod\u00f3n. Hecho en Per\u00fa La modelo usa un talla M\" \/>\n<meta property=\"og:url\" content=\"https:\/\/sophialerner.com\/es\/producto\/coffee-hoodie\/\" \/>\n<meta property=\"og:site_name\" content=\"Sophia Lerner\" \/>\n<meta property=\"article:publisher\" content=\"https:\/\/www.facebook.com\/sophialernerdesigner\" \/>\n<meta property=\"og:image\" content=\"https:\/\/sophialerner.com\/wp-content\/uploads\/2025\/11\/SL6625-1.jpg\" \/>\n\t<meta property=\"og:image:width\" content=\"1000\" \/>\n\t<meta property=\"og:image:height\" content=\"1500\" \/>\n\t<meta property=\"og:image:type\" content=\"image\/jpeg\" \/>\n<meta name=\"twitter:card\" content=\"summary_large_image\" \/>\n<script type=\"application\/ld+json\" class=\"yoast-schema-graph\">{\"@context\":\"https:\/\/schema.org\",\"@graph\":[{\"@type\":\"WebPage\",\"@id\":\"https:\/\/sophialerner.com\/es\/producto\/coffee-hoodie\/\",\"url\":\"https:\/\/sophialerner.com\/es\/producto\/coffee-hoodie\/\",\"name\":\"Coffee Hoodie - Sophia Lerner\",\"isPartOf\":{\"@id\":\"https:\/\/sophialerner.com\/es\/#website\"},\"primaryImageOfPage\":{\"@id\":\"https:\/\/sophialerner.com\/es\/producto\/coffee-hoodie\/#primaryimage\"},\"image\":{\"@id\":\"https:\/\/sophialerner.com\/es\/producto\/coffee-hoodie\/#primaryimage\"},\"thumbnailUrl\":\"https:\/\/sophialerner.com\/wp-content\/uploads\/2025\/11\/SL6625-1.jpg\",\"datePublished\":\"2025-11-18T22:29:46+00:00\",\"breadcrumb\":{\"@id\":\"https:\/\/sophialerner.com\/es\/producto\/coffee-hoodie\/#breadcrumb\"},\"inLanguage\":\"es\",\"potentialAction\":[{\"@type\":\"ReadAction\",\"target\":[\"https:\/\/sophialerner.com\/es\/producto\/coffee-hoodie\/\"]}]},{\"@type\":\"ImageObject\",\"inLanguage\":\"es\",\"@id\":\"https:\/\/sophialerner.com\/es\/producto\/coffee-hoodie\/#primaryimage\",\"url\":\"https:\/\/sophialerner.com\/wp-content\/uploads\/2025\/11\/SL6625-1.jpg\",\"contentUrl\":\"https:\/\/sophialerner.com\/wp-content\/uploads\/2025\/11\/SL6625-1.jpg\",\"width\":1000,\"height\":1500},{\"@type\":\"BreadcrumbList\",\"@id\":\"https:\/\/sophialerner.com\/es\/producto\/coffee-hoodie\/#breadcrumb\",\"itemListElement\":[{\"@type\":\"ListItem\",\"position\":1,\"name\":\"Home\",\"item\":\"https:\/\/sophialerner.com\/es\/\"},{\"@type\":\"ListItem\",\"position\":2,\"name\":\"Coffee Hoodie\"}]},{\"@type\":\"WebSite\",\"@id\":\"https:\/\/sophialerner.com\/es\/#website\",\"url\":\"https:\/\/sophialerner.com\/es\/\",\"name\":\"Sophia Lerner\",\"description\":\"SOPHIA LERNER is a Peruvian brand founded in 2016\",\"publisher\":{\"@id\":\"https:\/\/sophialerner.com\/es\/#organization\"},\"potentialAction\":[{\"@type\":\"SearchAction\",\"target\":{\"@type\":\"EntryPoint\",\"urlTemplate\":\"https:\/\/sophialerner.com\/es\/?s={search_term_string}\"},\"query-input\":{\"@type\":\"PropertyValueSpecification\",\"valueRequired\":true,\"valueName\":\"search_term_string\"}}],\"inLanguage\":\"es\"},{\"@type\":\"Organization\",\"@id\":\"https:\/\/sophialerner.com\/es\/#organization\",\"name\":\"Sophia Lerner\",\"url\":\"https:\/\/sophialerner.com\/es\/\",\"logo\":{\"@type\":\"ImageObject\",\"inLanguage\":\"es\",\"@id\":\"https:\/\/sophialerner.com\/es\/#\/schema\/logo\/image\/\",\"url\":\"https:\/\/sophialerner.com\/wp-content\/uploads\/2024\/09\/decoracion-2.png\",\"contentUrl\":\"https:\/\/sophialerner.com\/wp-content\/uploads\/2024\/09\/decoracion-2.png\",\"width\":751,\"height\":688,\"caption\":\"Sophia Lerner\"},\"image\":{\"@id\":\"https:\/\/sophialerner.com\/es\/#\/schema\/logo\/image\/\"},\"sameAs\":[\"https:\/\/www.facebook.com\/sophialernerdesigner\",\"https:\/\/www.instagram.com\/sophialerner\/\"]}]}<\/script>\n<!-- \/ Yoast SEO plugin. -->","yoast_head_json":{"title":"Coffee Hoodie - Sophia Lerner","robots":{"index":"index","follow":"follow","max-snippet":"max-snippet:-1","max-image-preview":"max-image-preview:large","max-video-preview":"max-video-preview:-1"},"canonical":"https:\/\/sophialerner.com\/es\/producto\/coffee-hoodie\/","og_locale":"es_ES","og_type":"article","og_title":"Coffee Hoodie - Sophia Lerner","og_description":"Hoodie de algod\u00f3n org\u00e1nico de manga larga te\u00f1ido a mano con desperdicio de caf\u00e9. 100% algod\u00f3n. Hecho en Per\u00fa La modelo usa un talla M","og_url":"https:\/\/sophialerner.com\/es\/producto\/coffee-hoodie\/","og_site_name":"Sophia Lerner","article_publisher":"https:\/\/www.facebook.com\/sophialernerdesigner","og_image":[{"width":1000,"height":1500,"url":"https:\/\/sophialerner.com\/wp-content\/uploads\/2025\/11\/SL6625-1.jpg","type":"image\/jpeg"}],"twitter_card":"summary_large_image","schema":{"@context":"https:\/\/schema.org","@graph":[{"@type":"WebPage","@id":"https:\/\/sophialerner.com\/es\/producto\/coffee-hoodie\/","url":"https:\/\/sophialerner.com\/es\/producto\/coffee-hoodie\/","name":"Coffee Hoodie - Sophia Lerner","isPartOf":{"@id":"https:\/\/sophialerner.com\/es\/#website"},"primaryImageOfPage":{"@id":"https:\/\/sophialerner.com\/es\/producto\/coffee-hoodie\/#primaryimage"},"image":{"@id":"https:\/\/sophialerner.com\/es\/producto\/coffee-hoodie\/#primaryimage"},"thumbnailUrl":"https:\/\/sophialerner.com\/wp-content\/uploads\/2025\/11\/SL6625-1.jpg","datePublished":"2025-11-18T22:29:46+00:00","breadcrumb":{"@id":"https:\/\/sophialerner.com\/es\/producto\/coffee-hoodie\/#breadcrumb"},"inLanguage":"es","potentialAction":[{"@type":"ReadAction","target":["https:\/\/sophialerner.com\/es\/producto\/coffee-hoodie\/"]}]},{"@type":"ImageObject","inLanguage":"es","@id":"https:\/\/sophialerner.com\/es\/producto\/coffee-hoodie\/#primaryimage","url":"https:\/\/sophialerner.com\/wp-content\/uploads\/2025\/11\/SL6625-1.jpg","contentUrl":"https:\/\/sophialerner.com\/wp-content\/uploads\/2025\/11\/SL6625-1.jpg","width":1000,"height":1500},{"@type":"BreadcrumbList","@id":"https:\/\/sophialerner.com\/es\/producto\/coffee-hoodie\/#breadcrumb","itemListElement":[{"@type":"ListItem","position":1,"name":"Home","item":"https:\/\/sophialerner.com\/es\/"},{"@type":"ListItem","position":2,"name":"Coffee Hoodie"}]},{"@type":"WebSite","@id":"https:\/\/sophialerner.com\/es\/#website","url":"https:\/\/sophialerner.com\/es\/","name":"Sophia Lerner","description":"SOPHIA LERNER is a Peruvian brand founded in 2016","publisher":{"@id":"https:\/\/sophialerner.com\/es\/#organization"},"potentialAction":[{"@type":"SearchAction","target":{"@type":"EntryPoint","urlTemplate":"https:\/\/sophialerner.com\/es\/?s={search_term_string}"},"query-input":{"@type":"PropertyValueSpecification","valueRequired":true,"valueName":"search_term_string"}}],"inLanguage":"es"},{"@type":"Organization","@id":"https:\/\/sophialerner.com\/es\/#organization","name":"Sophia Lerner","url":"https:\/\/sophialerner.com\/es\/","logo":{"@type":"ImageObject","inLanguage":"es","@id":"https:\/\/sophialerner.com\/es\/#\/schema\/logo\/image\/","url":"https:\/\/sophialerner.com\/wp-content\/uploads\/2024\/09\/decoracion-2.png","contentUrl":"https:\/\/sophialerner.com\/wp-content\/uploads\/2024\/09\/decoracion-2.png","width":751,"height":688,"caption":"Sophia Lerner"},"image":{"@id":"https:\/\/sophialerner.com\/es\/#\/schema\/logo\/image\/"},"sameAs":["https:\/\/www.facebook.com\/sophialernerdesigner","https:\/\/www.instagram.com\/sophialerner\/"]}]}},"_links":{"self":[{"href":"https:\/\/sophialerner.com\/es\/wp-json\/wp\/v2\/product\/18416","targetHints":{"allow":["GET"]}}],"collection":[{"href":"https:\/\/sophialerner.com\/es\/wp-json\/wp\/v2\/product"}],"about":[{"href":"https:\/\/sophialerner.com\/es\/wp-json\/wp\/v2\/types\/product"}],"wp:featuredmedia":[{"embeddable":true,"href":"https:\/\/sophialerner.com\/es\/wp-json\/wp\/v2\/media\/18413"}],"wp:attachment":[{"href":"https:\/\/sophialerner.com\/es\/wp-json\/wp\/v2\/media?parent=18416"}],"wp:term":[{"taxonomy":"product_brand","embeddable":true,"href":"https:\/\/sophialerner.com\/es\/wp-json\/wp\/v2\/product_brand?post=18416"},{"taxonomy":"product_cat","embeddable":true,"href":"https:\/\/sophialerner.com\/es\/wp-json\/wp\/v2\/product_cat?post=18416"},{"taxonomy":"product_tag","embeddable":true,"href":"https:\/\/sophialerner.com\/es\/wp-json\/wp\/v2\/product_tag?post=18416"}],"curies":[{"name":"wp","href":"https:\/\/api.w.org\/{rel}","templated":true}]}}